{"id":659,"date":"2025-01-22T08:42:06","date_gmt":"2025-01-22T11:42:06","guid":{"rendered":"https:\/\/thoth.net.br\/?page_id=659"},"modified":"2025-02-21T10:22:16","modified_gmt":"2025-02-21T13:22:16","slug":"trabalhe-conosco","status":"publish","type":"page","link":"https:\/\/thoth.net.br\/en\/trabalhe-conosco\/","title":{"rendered":"Work With Us"},"content":{"rendered":"\t\t<div data-elementor-type=\"wp-page\" data-elementor-id=\"659\" class=\"elementor elementor-659\" data-elementor-post-type=\"page\">\n\t\t\t\t<div class=\"elementor-element elementor-element-c761f38 e-con-full e-flex e-con e-parent\" data-id=\"c761f38\" data-element_type=\"container\" data-e-type=\"container\" data-settings=\"{&quot;background_background&quot;:&quot;classic&quot;}\">\n\t\t<div class=\"elementor-element elementor-element-0fc6be2 e-con-full e-flex e-con e-child\" data-id=\"0fc6be2\" data-element_type=\"container\" data-e-type=\"container\">\n\t\t\t\t<div class=\"elementor-element elementor-element-a816c2c elementor-widget elementor-widget-heading\" data-id=\"a816c2c\" data-element_type=\"widget\" data-e-type=\"widget\" data-widget_type=\"heading.default\">\n\t\t\t\t<div class=\"elementor-widget-container\">\n\t\t\t\t\t<h2 class=\"elementor-heading-title elementor-size-default\">Trabalhe Conosco<\/h2>\t\t\t\t<\/div>\n\t\t\t\t<\/div>\n\t\t\t\t<div class=\"elementor-element elementor-element-5b5dabf elementor-widget-divider--view-line elementor-widget elementor-widget-divider\" data-id=\"5b5dabf\" data-element_type=\"widget\" data-e-type=\"widget\" data-widget_type=\"divider.default\">\n\t\t\t\t<div class=\"elementor-widget-container\">\n\t\t\t\t\t\t\t<div class=\"elementor-divider\">\n\t\t\t<span class=\"elementor-divider-separator\">\n\t\t\t\t\t\t<\/span>\n\t\t<\/div>\n\t\t\t\t\t\t<\/div>\n\t\t\t\t<\/div>\n\t\t\t\t<\/div>\n\t\t\t\t<\/div>\n\t\t<div class=\"elementor-element elementor-element-c1ff9bb e-flex e-con-boxed e-con e-parent\" data-id=\"c1ff9bb\" data-element_type=\"container\" data-e-type=\"container\">\n\t\t\t\t\t<div class=\"e-con-inner\">\n\t\t<div class=\"elementor-element elementor-element-8bc3543 e-con-full e-flex e-con e-child\" data-id=\"8bc3543\" data-element_type=\"container\" data-e-type=\"container\" data-settings=\"{&quot;background_background&quot;:&quot;classic&quot;}\">\n\t\t<div class=\"elementor-element elementor-element-697b31b e-con-full e-flex e-con e-child\" data-id=\"697b31b\" data-element_type=\"container\" data-e-type=\"container\" data-settings=\"{&quot;background_background&quot;:&quot;classic&quot;}\">\n\t\t<div class=\"elementor-element elementor-element-906d1d3 e-con-full e-flex e-con e-child\" data-id=\"906d1d3\" data-element_type=\"container\" data-e-type=\"container\">\n\t\t\t\t<div class=\"elementor-element elementor-element-ea1db09 elementor-widget elementor-widget-image\" data-id=\"ea1db09\" data-element_type=\"widget\" data-e-type=\"widget\" data-widget_type=\"image.default\">\n\t\t\t\t<div class=\"elementor-widget-container\">\n\t\t\t\t\t\t\t\t\t\t\t\t\t\t\t<img decoding=\"async\" width=\"48\" height=\"48\" src=\"https:\/\/thoth.net.br\/wp-content\/uploads\/2025\/01\/chat-1.png\" class=\"attachment-large size-large wp-image-228\" alt=\"\" \/>\t\t\t\t\t\t\t\t\t\t\t\t\t\t\t<\/div>\n\t\t\t\t<\/div>\n\t\t\t\t<div class=\"elementor-element elementor-element-fb0e850 elementor-widget elementor-widget-heading\" data-id=\"fb0e850\" data-element_type=\"widget\" data-e-type=\"widget\" data-widget_type=\"heading.default\">\n\t\t\t\t<div class=\"elementor-widget-container\">\n\t\t\t\t\t<h2 class=\"elementor-heading-title elementor-size-default\">Se voc\u00ea \u00e9 jovem, tem esp\u00edrito empreendedor, estuda ou \u00e9 rec\u00e9m-formado em ci\u00eancias cont\u00e1beis, administra\u00e7\u00e3o de empresas ou economia e deseja trabalhar numa atividade intelectualmente desafiadora, com oportunidade de alcan\u00e7ar rendimentos proporcionais \u00e0 sua capacidade de realiza\u00e7\u00e3o e se tornar s\u00f3cio de um escrit\u00f3rio de presta\u00e7\u00e3o de servi\u00e7os especializados, venha juntar-se ao nosso time.<\/h2>\t\t\t\t<\/div>\n\t\t\t\t<\/div>\n\t\t\t\t<div class=\"elementor-element elementor-element-da5ee0f elementor-widget elementor-widget-heading\" data-id=\"da5ee0f\" data-element_type=\"widget\" data-e-type=\"widget\" data-widget_type=\"heading.default\">\n\t\t\t\t<div class=\"elementor-widget-container\">\n\t\t\t\t\t<h2 class=\"elementor-heading-title elementor-size-default\">Nenhum ficheiro selecionado<\/h2>\t\t\t\t<\/div>\n\t\t\t\t<\/div>\n\t\t\t\t<\/div>\n\t\t\t\t<\/div>\n\t\t<div class=\"elementor-element elementor-element-6785533 e-con-full e-flex e-con e-child\" data-id=\"6785533\" data-element_type=\"container\" data-e-type=\"container\" data-settings=\"{&quot;background_background&quot;:&quot;classic&quot;}\">\n\t\t\t\t<div class=\"elementor-element elementor-element-972ac7d elementor-button-align-stretch elementor-widget elementor-widget-form\" data-id=\"972ac7d\" data-element_type=\"widget\" data-e-type=\"widget\" data-settings=\"{&quot;button_width&quot;:&quot;25&quot;,&quot;step_next_label&quot;:&quot;Next&quot;,&quot;step_previous_label&quot;:&quot;Previous&quot;,&quot;step_type&quot;:&quot;number_text&quot;,&quot;step_icon_shape&quot;:&quot;circle&quot;}\" data-widget_type=\"form.default\">\n\t\t\t\t<div class=\"elementor-widget-container\">\n\t\t\t\t\t\t\t<form class=\"elementor-form\" method=\"post\" name=\"New Form\" aria-label=\"New Form\">\n\t\t\t<input type=\"hidden\" name=\"post_id\" value=\"659\"\/>\n\t\t\t<input type=\"hidden\" name=\"form_id\" value=\"972ac7d\"\/>\n\t\t\t<input type=\"hidden\" name=\"referer_title\" value=\"Trabalhe Conosco - Thoth Accounting Intelligence\" \/>\n\n\t\t\t\t\t\t\t<input type=\"hidden\" name=\"queried_id\" value=\"659\"\/>\n\t\t\t\n\t\t\t<div class=\"elementor-form-fields-wrapper elementor-labels-above\">\n\t\t\t\t\t\t\t\t<div class=\"elementor-field-type-text elementor-field-group elementor-column elementor-field-group-nome elementor-col-100 elementor-field-required\">\n\t\t\t\t\t\t\t\t\t\t\t\t<label for=\"form-field-nome\" class=\"elementor-field-label\">\n\t\t\t\t\t\t\t\tNome\t\t\t\t\t\t\t<\/label>\n\t\t\t\t\t\t\t\t\t\t\t\t\t\t<input size=\"1\" type=\"text\" name=\"form_fields[nome]\" id=\"form-field-nome\" class=\"elementor-field elementor-size-sm  elementor-field-textual\" required=\"required\">\n\t\t\t\t\t\t\t\t\t\t\t<\/div>\n\t\t\t\t\t\t\t\t<div class=\"elementor-field-type-email elementor-field-group elementor-column elementor-field-group-email elementor-col-50 elementor-field-required\">\n\t\t\t\t\t\t\t\t\t\t\t\t<label for=\"form-field-email\" class=\"elementor-field-label\">\n\t\t\t\t\t\t\t\tE-mail\t\t\t\t\t\t\t<\/label>\n\t\t\t\t\t\t\t\t\t\t\t\t\t\t<input size=\"1\" type=\"email\" name=\"form_fields[email]\" id=\"form-field-email\" class=\"elementor-field elementor-size-sm  elementor-field-textual\" required=\"required\">\n\t\t\t\t\t\t\t\t\t\t\t<\/div>\n\t\t\t\t\t\t\t\t<div class=\"elementor-field-type-text elementor-field-group elementor-column elementor-field-group-telefone elementor-col-50 elementor-field-required\">\n\t\t\t\t\t\t\t\t\t\t\t\t<label for=\"form-field-telefone\" class=\"elementor-field-label\">\n\t\t\t\t\t\t\t\tTelefone\t\t\t\t\t\t\t<\/label>\n\t\t\t\t\t\t\t\t\t\t\t\t\t\t<input size=\"1\" type=\"text\" name=\"form_fields[telefone]\" id=\"form-field-telefone\" class=\"elementor-field elementor-size-sm  fme-mask-input mask_control_@ev-tel-ddd9 money_mask_format_@ mask_prefix_@ mask_decimal_places_@ mask_time_mask_format_@ fme_phone_format_@ credit_card_options_@ mask_auto_placeholder_@ fme_brazilian_formats_@ elementor-field-textual\" required=\"required\" data-mask=\"ev-tel-ddd9\">\n\t\t\t\t\t\t\t\t\t\t\t<\/div>\n\t\t\t\t\t\t\t\t<div class=\"elementor-field-type-textarea elementor-field-group elementor-column elementor-field-group-mensagem elementor-col-100\">\n\t\t\t\t\t\t\t\t\t\t\t\t<label for=\"form-field-mensagem\" class=\"elementor-field-label\">\n\t\t\t\t\t\t\t\tForma\u00e7\u00e3o\t\t\t\t\t\t\t<\/label>\n\t\t\t\t\t\t<textarea class=\"elementor-field-textual elementor-field  elementor-size-sm\" name=\"form_fields[mensagem]\" id=\"form-field-mensagem\" rows=\"1\"><\/textarea>\t\t\t\t<\/div>\n\t\t\t\t\t\t\t\t<div class=\"elementor-field-type-upload elementor-field-group elementor-column elementor-field-group-field_dfb6320 elementor-col-100\">\n\t\t\t\t\t\t\t\t\t\t\t\t<label for=\"form-field-field_dfb6320\" class=\"elementor-field-label\">\n\t\t\t\t\t\t\t\tAnexe seu Curr\u00edculo\t\t\t\t\t\t\t<\/label>\n\t\t\t\t\t\t\t\t<input type=\"file\" name=\"form_fields[field_dfb6320]\" id=\"form-field-field_dfb6320\" class=\"elementor-field elementor-size-sm  elementor-upload-field\">\n\n\t\t\t\t\t\t<\/div>\n\t\t\t\t\t\t\t\t<div class=\"elementor-field-group elementor-column elementor-field-type-submit elementor-col-25 e-form__buttons\">\n\t\t\t\t\t<button class=\"elementor-button elementor-size-sm\" type=\"submit\">\n\t\t\t\t\t\t<span class=\"elementor-button-content-wrapper\">\n\t\t\t\t\t\t\t\t\t\t\t\t\t\t\t\t\t\t\t\t\t\t<span class=\"elementor-button-text\">ENVIAR<\/span>\n\t\t\t\t\t\t\t\t\t\t\t\t\t<\/span>\n\t\t\t\t\t<\/button>\n\t\t\t\t<\/div>\n\t\t\t<\/div>\n\t\t<\/form>\n\t\t\t\t\t\t<\/div>\n\t\t\t\t<\/div>\n\t\t\t\t<\/div>\n\t\t\t\t<\/div>\n\t\t\t\t\t<\/div>\n\t\t\t\t<\/div>\n\t\t\t\t<\/div>\n\t\t","protected":false},"excerpt":{"rendered":"<p>Trabalhe Conosco Se voc\u00ea \u00e9 jovem, tem esp\u00edrito empreendedor, estuda ou \u00e9 rec\u00e9m-formado em ci\u00eancias cont\u00e1beis, administra\u00e7\u00e3o de empresas ou economia e deseja trabalhar numa atividade intelectualmente desafiadora, com oportunidade de alcan\u00e7ar rendimentos proporcionais \u00e0 sua capacidade de realiza\u00e7\u00e3o e se tornar s\u00f3cio de um escrit\u00f3rio de presta\u00e7\u00e3o de servi\u00e7os especializados, venha juntar-se ao nosso [&hellip;]<\/p>\n","protected":false},"author":1,"featured_media":0,"parent":0,"menu_order":0,"comment_status":"closed","ping_status":"closed","template":"elementor_header_footer","meta":{"_joinchat":[],"footnotes":""},"class_list":["post-659","page","type-page","status-publish","hentry"],"yoast_head":"<!-- This site is optimized with the Yoast SEO Premium plugin v24.0 (Yoast SEO v24.0) - https:\/\/yoast.com\/wordpress\/plugins\/seo\/ -->\n<title>Trabalhe Conosco - Thoth Accounting Intelligence<\/title>\n<meta name=\"robots\" content=\"index, follow, max-snippet:-1, max-image-preview:large, max-video-preview:-1\" \/>\n<link rel=\"canonical\" href=\"https:\/\/thoth.net.br\/en\/trabalhe-conosco\/\" \/>\n<meta property=\"og:locale\" content=\"en_US\" \/>\n<meta property=\"og:type\" content=\"article\" \/>\n<meta property=\"og:title\" content=\"Trabalhe Conosco\" \/>\n<meta property=\"og:description\" content=\"Trabalhe Conosco Se voc\u00ea \u00e9 jovem, tem esp\u00edrito empreendedor, estuda ou \u00e9 rec\u00e9m-formado em ci\u00eancias cont\u00e1beis, administra\u00e7\u00e3o de empresas ou economia e deseja trabalhar numa atividade intelectualmente desafiadora, com oportunidade de alcan\u00e7ar rendimentos proporcionais \u00e0 sua capacidade de realiza\u00e7\u00e3o e se tornar s\u00f3cio de um escrit\u00f3rio de presta\u00e7\u00e3o de servi\u00e7os especializados, venha juntar-se ao nosso [&hellip;]\" \/>\n<meta property=\"og:url\" content=\"https:\/\/thoth.net.br\/en\/trabalhe-conosco\/\" \/>\n<meta property=\"og:site_name\" content=\"Thoth Accounting Intelligence\" \/>\n<meta property=\"article:modified_time\" content=\"2025-02-21T13:22:16+00:00\" \/>\n<meta property=\"og:image\" content=\"https:\/\/thoth.net.br\/wp-content\/uploads\/2025\/01\/chat-1.png\" \/>\n\t<meta property=\"og:image:width\" content=\"48\" \/>\n\t<meta property=\"og:image:height\" content=\"48\" \/>\n\t<meta property=\"og:image:type\" content=\"image\/png\" \/>\n<meta name=\"twitter:card\" content=\"summary_large_image\" \/>\n<meta name=\"twitter:label1\" content=\"Est. reading time\" \/>\n\t<meta name=\"twitter:data1\" content=\"1 minute\" \/>\n<script type=\"application\/ld+json\" class=\"yoast-schema-graph\">{\"@context\":\"https:\/\/schema.org\",\"@graph\":[{\"@type\":\"WebPage\",\"@id\":\"https:\/\/thoth.net.br\/trabalhe-conosco\/\",\"url\":\"https:\/\/thoth.net.br\/trabalhe-conosco\/\",\"name\":\"Trabalhe Conosco - Thoth Accounting Intelligence\",\"isPartOf\":{\"@id\":\"https:\/\/thoth.net.br\/#website\"},\"primaryImageOfPage\":{\"@id\":\"https:\/\/thoth.net.br\/trabalhe-conosco\/#primaryimage\"},\"image\":{\"@id\":\"https:\/\/thoth.net.br\/trabalhe-conosco\/#primaryimage\"},\"thumbnailUrl\":\"https:\/\/thoth.net.br\/wp-content\/uploads\/2025\/01\/chat-1.png\",\"datePublished\":\"2025-01-22T11:42:06+00:00\",\"dateModified\":\"2025-02-21T13:22:16+00:00\",\"breadcrumb\":{\"@id\":\"https:\/\/thoth.net.br\/trabalhe-conosco\/#breadcrumb\"},\"inLanguage\":\"en-US\",\"potentialAction\":[{\"@type\":\"ReadAction\",\"target\":[\"https:\/\/thoth.net.br\/trabalhe-conosco\/\"]}]},{\"@type\":\"ImageObject\",\"inLanguage\":\"en-US\",\"@id\":\"https:\/\/thoth.net.br\/trabalhe-conosco\/#primaryimage\",\"url\":\"https:\/\/thoth.net.br\/wp-content\/uploads\/2025\/01\/chat-1.png\",\"contentUrl\":\"https:\/\/thoth.net.br\/wp-content\/uploads\/2025\/01\/chat-1.png\"},{\"@type\":\"BreadcrumbList\",\"@id\":\"https:\/\/thoth.net.br\/trabalhe-conosco\/#breadcrumb\",\"itemListElement\":[{\"@type\":\"ListItem\",\"position\":1,\"name\":\"In\u00edcio\",\"item\":\"https:\/\/thoth.net.br\/\"},{\"@type\":\"ListItem\",\"position\":2,\"name\":\"Trabalhe Conosco\"}]},{\"@type\":\"WebSite\",\"@id\":\"https:\/\/thoth.net.br\/#website\",\"url\":\"https:\/\/thoth.net.br\/\",\"name\":\"Thoth Accounting Intelligence\",\"description\":\"\",\"potentialAction\":[{\"@type\":\"SearchAction\",\"target\":{\"@type\":\"EntryPoint\",\"urlTemplate\":\"https:\/\/thoth.net.br\/?s={search_term_string}\"},\"query-input\":{\"@type\":\"PropertyValueSpecification\",\"valueRequired\":true,\"valueName\":\"search_term_string\"}}],\"inLanguage\":\"en-US\"}]}<\/script>\n<!-- \/ Yoast SEO Premium plugin. -->","yoast_head_json":{"title":"Trabalhe Conosco - Thoth Accounting Intelligence","robots":{"index":"index","follow":"follow","max-snippet":"max-snippet:-1","max-image-preview":"max-image-preview:large","max-video-preview":"max-video-preview:-1"},"canonical":"https:\/\/thoth.net.br\/en\/trabalhe-conosco\/","og_locale":"en_US","og_type":"article","og_title":"Trabalhe Conosco","og_description":"Trabalhe Conosco Se voc\u00ea \u00e9 jovem, tem esp\u00edrito empreendedor, estuda ou \u00e9 rec\u00e9m-formado em ci\u00eancias cont\u00e1beis, administra\u00e7\u00e3o de empresas ou economia e deseja trabalhar numa atividade intelectualmente desafiadora, com oportunidade de alcan\u00e7ar rendimentos proporcionais \u00e0 sua capacidade de realiza\u00e7\u00e3o e se tornar s\u00f3cio de um escrit\u00f3rio de presta\u00e7\u00e3o de servi\u00e7os especializados, venha juntar-se ao nosso [&hellip;]","og_url":"https:\/\/thoth.net.br\/en\/trabalhe-conosco\/","og_site_name":"Thoth Accounting Intelligence","article_modified_time":"2025-02-21T13:22:16+00:00","og_image":[{"width":48,"height":48,"url":"https:\/\/thoth.net.br\/wp-content\/uploads\/2025\/01\/chat-1.png","type":"image\/png"}],"twitter_card":"summary_large_image","twitter_misc":{"Est. reading time":"1 minute"},"schema":{"@context":"https:\/\/schema.org","@graph":[{"@type":"WebPage","@id":"https:\/\/thoth.net.br\/trabalhe-conosco\/","url":"https:\/\/thoth.net.br\/trabalhe-conosco\/","name":"Trabalhe Conosco - Thoth Accounting Intelligence","isPartOf":{"@id":"https:\/\/thoth.net.br\/#website"},"primaryImageOfPage":{"@id":"https:\/\/thoth.net.br\/trabalhe-conosco\/#primaryimage"},"image":{"@id":"https:\/\/thoth.net.br\/trabalhe-conosco\/#primaryimage"},"thumbnailUrl":"https:\/\/thoth.net.br\/wp-content\/uploads\/2025\/01\/chat-1.png","datePublished":"2025-01-22T11:42:06+00:00","dateModified":"2025-02-21T13:22:16+00:00","breadcrumb":{"@id":"https:\/\/thoth.net.br\/trabalhe-conosco\/#breadcrumb"},"inLanguage":"en-US","potentialAction":[{"@type":"ReadAction","target":["https:\/\/thoth.net.br\/trabalhe-conosco\/"]}]},{"@type":"ImageObject","inLanguage":"en-US","@id":"https:\/\/thoth.net.br\/trabalhe-conosco\/#primaryimage","url":"https:\/\/thoth.net.br\/wp-content\/uploads\/2025\/01\/chat-1.png","contentUrl":"https:\/\/thoth.net.br\/wp-content\/uploads\/2025\/01\/chat-1.png"},{"@type":"BreadcrumbList","@id":"https:\/\/thoth.net.br\/trabalhe-conosco\/#breadcrumb","itemListElement":[{"@type":"ListItem","position":1,"name":"In\u00edcio","item":"https:\/\/thoth.net.br\/"},{"@type":"ListItem","position":2,"name":"Trabalhe Conosco"}]},{"@type":"WebSite","@id":"https:\/\/thoth.net.br\/#website","url":"https:\/\/thoth.net.br\/","name":"Thoth Accounting Intelligence","description":"","potentialAction":[{"@type":"SearchAction","target":{"@type":"EntryPoint","urlTemplate":"https:\/\/thoth.net.br\/?s={search_term_string}"},"query-input":{"@type":"PropertyValueSpecification","valueRequired":true,"valueName":"search_term_string"}}],"inLanguage":"en-US"}]}},"_links":{"self":[{"href":"https:\/\/thoth.net.br\/en\/wp-json\/wp\/v2\/pages\/659","targetHints":{"allow":["GET"]}}],"collection":[{"href":"https:\/\/thoth.net.br\/en\/wp-json\/wp\/v2\/pages"}],"about":[{"href":"https:\/\/thoth.net.br\/en\/wp-json\/wp\/v2\/types\/page"}],"author":[{"embeddable":true,"href":"https:\/\/thoth.net.br\/en\/wp-json\/wp\/v2\/users\/1"}],"replies":[{"embeddable":true,"href":"https:\/\/thoth.net.br\/en\/wp-json\/wp\/v2\/comments?post=659"}],"version-history":[{"count":0,"href":"https:\/\/thoth.net.br\/en\/wp-json\/wp\/v2\/pages\/659\/revisions"}],"wp:attachment":[{"href":"https:\/\/thoth.net.br\/en\/wp-json\/wp\/v2\/media?parent=659"}],"curies":[{"name":"wp","href":"https:\/\/api.w.org\/{rel}","templated":true}]}}