{"id":348,"date":"2025-01-13T08:51:38","date_gmt":"2025-01-13T11:51:38","guid":{"rendered":"https:\/\/thoth.net.br\/?page_id=348"},"modified":"2025-11-10T16:00:46","modified_gmt":"2025-11-10T19:00:46","slug":"contato","status":"publish","type":"page","link":"https:\/\/thoth.net.br\/en\/contato\/","title":{"rendered":"Contact"},"content":{"rendered":"\t\t<div data-elementor-type=\"wp-page\" data-elementor-id=\"348\" class=\"elementor elementor-348\" data-elementor-post-type=\"page\">\n\t\t\t\t<div class=\"elementor-element elementor-element-c761f38 e-con-full e-flex e-con e-parent\" data-id=\"c761f38\" data-element_type=\"container\" data-e-type=\"container\" data-settings=\"{&quot;background_background&quot;:&quot;classic&quot;}\">\n\t\t<div class=\"elementor-element elementor-element-0fc6be2 e-con-full e-flex e-con e-child\" data-id=\"0fc6be2\" data-element_type=\"container\" data-e-type=\"container\">\n\t\t\t\t<div class=\"elementor-element elementor-element-a816c2c elementor-widget elementor-widget-heading\" data-id=\"a816c2c\" data-element_type=\"widget\" data-e-type=\"widget\" data-widget_type=\"heading.default\">\n\t\t\t\t<div class=\"elementor-widget-container\">\n\t\t\t\t\t<h2 class=\"elementor-heading-title elementor-size-default\">Contato<\/h2>\t\t\t\t<\/div>\n\t\t\t\t<\/div>\n\t\t\t\t<div class=\"elementor-element elementor-element-5b5dabf elementor-widget-divider--view-line elementor-widget elementor-widget-divider\" data-id=\"5b5dabf\" data-element_type=\"widget\" data-e-type=\"widget\" data-widget_type=\"divider.default\">\n\t\t\t\t<div class=\"elementor-widget-container\">\n\t\t\t\t\t\t\t<div class=\"elementor-divider\">\n\t\t\t<span class=\"elementor-divider-separator\">\n\t\t\t\t\t\t<\/span>\n\t\t<\/div>\n\t\t\t\t\t\t<\/div>\n\t\t\t\t<\/div>\n\t\t\t\t<\/div>\n\t\t\t\t<\/div>\n\t\t<div class=\"elementor-element elementor-element-c1ff9bb e-flex e-con-boxed e-con e-parent\" data-id=\"c1ff9bb\" data-element_type=\"container\" data-e-type=\"container\">\n\t\t\t\t\t<div class=\"e-con-inner\">\n\t\t<div class=\"elementor-element elementor-element-abd2088 e-con-full e-flex e-con e-child\" data-id=\"abd2088\" data-element_type=\"container\" data-e-type=\"container\">\n\t\t<div class=\"elementor-element elementor-element-15285b8 e-con-full e-flex e-con e-child\" data-id=\"15285b8\" data-element_type=\"container\" data-e-type=\"container\">\n\t\t\t\t<div class=\"elementor-element elementor-element-8d11006 elementor-widget elementor-widget-image\" data-id=\"8d11006\" data-element_type=\"widget\" data-e-type=\"widget\" data-widget_type=\"image.default\">\n\t\t\t\t<div class=\"elementor-widget-container\">\n\t\t\t\t\t\t\t\t\t\t\t\t\t\t\t<img decoding=\"async\" width=\"83\" height=\"83\" src=\"https:\/\/thoth.net.br\/wp-content\/uploads\/2025\/01\/what-icon.png\" class=\"attachment-full size-full wp-image-353\" alt=\"\" \/>\t\t\t\t\t\t\t\t\t\t\t\t\t\t\t<\/div>\n\t\t\t\t<\/div>\n\t\t\t\t<div class=\"elementor-element elementor-element-81e6cbb elementor-widget__width-initial elementor-widget elementor-widget-heading\" data-id=\"81e6cbb\" data-element_type=\"widget\" data-e-type=\"widget\" data-widget_type=\"heading.default\">\n\t\t\t\t<div class=\"elementor-widget-container\">\n\t\t\t\t\t<h2 class=\"elementor-heading-title elementor-size-default\">Telefone<\/h2>\t\t\t\t<\/div>\n\t\t\t\t<\/div>\n\t\t\t\t<div class=\"elementor-element elementor-element-58e5fac elementor-mobile-align-center elementor-icon-list--layout-traditional elementor-list-item-link-full_width elementor-widget elementor-widget-icon-list\" data-id=\"58e5fac\" data-element_type=\"widget\" data-e-type=\"widget\" data-widget_type=\"icon-list.default\">\n\t\t\t\t<div class=\"elementor-widget-container\">\n\t\t\t\t\t\t\t<ul class=\"elementor-icon-list-items\">\n\t\t\t\t\t\t\t<li class=\"elementor-icon-list-item\">\n\t\t\t\t\t\t\t\t\t\t\t<a href=\"https:\/\/api.whatsapp.com\/send\/?phone=551129363909&#038;text=Ol%C3%A1+%2C+visitei+o+site+e+gostaria+de+mais+informa%C3%A7%C3%B5es%21&#038;type=phone_number&#038;app_absent=0\" target=\"_blank\">\n\n\t\t\t\t\t\t\t\t\t\t\t<span class=\"elementor-icon-list-text\">+55 11 99601-1548<\/span>\n\t\t\t\t\t\t\t\t\t\t\t<\/a>\n\t\t\t\t\t\t\t\t\t<\/li>\n\t\t\t\t\t\t\t\t<li class=\"elementor-icon-list-item\">\n\t\t\t\t\t\t\t\t\t\t\t<a href=\"https:\/\/api.whatsapp.com\/send\/?phone=551129363909&#038;text=Ol%C3%A1+%2C+visitei+o+site+e+gostaria+de+mais+informa%C3%A7%C3%B5es%21&#038;type=phone_number&#038;app_absent=0\" target=\"_blank\">\n\n\t\t\t\t\t\t\t\t\t\t\t<span class=\"elementor-icon-list-text\">+55 11 97334-3909<\/span>\n\t\t\t\t\t\t\t\t\t\t\t<\/a>\n\t\t\t\t\t\t\t\t\t<\/li>\n\t\t\t\t\t\t<\/ul>\n\t\t\t\t\t\t<\/div>\n\t\t\t\t<\/div>\n\t\t\t\t<\/div>\n\t\t<div class=\"elementor-element elementor-element-37d4ac9 e-con-full e-flex e-con e-child\" data-id=\"37d4ac9\" data-element_type=\"container\" data-e-type=\"container\">\n\t\t\t\t<div class=\"elementor-element elementor-element-3cf84ff elementor-widget elementor-widget-image\" data-id=\"3cf84ff\" data-element_type=\"widget\" data-e-type=\"widget\" data-widget_type=\"image.default\">\n\t\t\t\t<div class=\"elementor-widget-container\">\n\t\t\t\t\t\t\t\t\t\t\t\t\t\t\t<img decoding=\"async\" width=\"83\" height=\"83\" src=\"https:\/\/thoth.net.br\/wp-content\/uploads\/2025\/01\/email-icon.png\" class=\"attachment-full size-full wp-image-352\" alt=\"\" \/>\t\t\t\t\t\t\t\t\t\t\t\t\t\t\t<\/div>\n\t\t\t\t<\/div>\n\t\t\t\t<div class=\"elementor-element elementor-element-ddf089a elementor-widget__width-initial elementor-widget elementor-widget-heading\" data-id=\"ddf089a\" data-element_type=\"widget\" data-e-type=\"widget\" data-widget_type=\"heading.default\">\n\t\t\t\t<div class=\"elementor-widget-container\">\n\t\t\t\t\t<h2 class=\"elementor-heading-title elementor-size-default\">E-mail<\/h2>\t\t\t\t<\/div>\n\t\t\t\t<\/div>\n\t\t\t\t<div class=\"elementor-element elementor-element-ab41e09 elementor-widget__width-initial elementor-widget elementor-widget-heading\" data-id=\"ab41e09\" data-element_type=\"widget\" data-e-type=\"widget\" data-widget_type=\"heading.default\">\n\t\t\t\t<div class=\"elementor-widget-container\">\n\t\t\t\t\t<h2 class=\"elementor-heading-title elementor-size-default\">contato@thoth.net.br<\/h2>\t\t\t\t<\/div>\n\t\t\t\t<\/div>\n\t\t\t\t<div class=\"elementor-element elementor-element-b7cd02e elementor-widget__width-initial elementor-widget elementor-widget-heading\" data-id=\"b7cd02e\" data-element_type=\"widget\" data-e-type=\"widget\" data-widget_type=\"heading.default\">\n\t\t\t\t<div class=\"elementor-widget-container\">\n\t\t\t\t\t<h2 class=\"elementor-heading-title elementor-size-default\">Linkedin<\/h2>\t\t\t\t<\/div>\n\t\t\t\t<\/div>\n\t\t\t\t<div class=\"elementor-element elementor-element-98ce9dd elementor-mobile-align-center elementor-icon-list--layout-traditional elementor-list-item-link-full_width elementor-widget elementor-widget-icon-list\" data-id=\"98ce9dd\" data-element_type=\"widget\" data-e-type=\"widget\" data-widget_type=\"icon-list.default\">\n\t\t\t\t<div class=\"elementor-widget-container\">\n\t\t\t\t\t\t\t<ul class=\"elementor-icon-list-items\">\n\t\t\t\t\t\t\t<li class=\"elementor-icon-list-item\">\n\t\t\t\t\t\t\t\t\t\t\t<a href=\"https:\/\/www.linkedin.com\/company\/thoth-accounting-intelligence\/?originalSubdomain=br\" target=\"_blank\">\n\n\t\t\t\t\t\t\t\t\t\t\t\t<span class=\"elementor-icon-list-icon\">\n\t\t\t\t\t\t\t<svg aria-hidden=\"true\" class=\"e-font-icon-svg e-fab-linkedin\" viewBox=\"0 0 448 512\" xmlns=\"http:\/\/www.w3.org\/2000\/svg\"><path d=\"M416 32H31.9C14.3 32 0 46.5 0 64.3v383.4C0 465.5 14.3 480 31.9 480H416c17.6 0 32-14.5 32-32.3V64.3c0-17.8-14.4-32.3-32-32.3zM135.4 416H69V202.2h66.5V416zm-33.2-243c-21.3 0-38.5-17.3-38.5-38.5S80.9 96 102.2 96c21.2 0 38.5 17.3 38.5 38.5 0 21.3-17.2 38.5-38.5 38.5zm282.1 243h-66.4V312c0-24.8-.5-56.7-34.5-56.7-34.6 0-39.9 27-39.9 54.9V416h-66.4V202.2h63.7v29.2h.9c8.9-16.8 30.6-34.5 62.9-34.5 67.2 0 79.7 44.3 79.7 101.9V416z\"><\/path><\/svg>\t\t\t\t\t\t<\/span>\n\t\t\t\t\t\t\t\t\t\t<span class=\"elementor-icon-list-text\">\/thoth-accounting-intelligence<\/span>\n\t\t\t\t\t\t\t\t\t\t\t<\/a>\n\t\t\t\t\t\t\t\t\t<\/li>\n\t\t\t\t\t\t<\/ul>\n\t\t\t\t\t\t<\/div>\n\t\t\t\t<\/div>\n\t\t\t\t<\/div>\n\t\t<div class=\"elementor-element elementor-element-3c5a2e6 e-con-full e-flex e-con e-child\" data-id=\"3c5a2e6\" data-element_type=\"container\" data-e-type=\"container\">\n\t\t\t\t<div class=\"elementor-element elementor-element-e0af52f elementor-widget elementor-widget-image\" data-id=\"e0af52f\" data-element_type=\"widget\" data-e-type=\"widget\" data-widget_type=\"image.default\">\n\t\t\t\t<div class=\"elementor-widget-container\">\n\t\t\t\t\t\t\t\t\t\t\t\t\t\t\t<img decoding=\"async\" width=\"84\" height=\"83\" src=\"https:\/\/thoth.net.br\/wp-content\/uploads\/2025\/01\/map-icon.png\" class=\"attachment-large size-large wp-image-351\" alt=\"\" \/>\t\t\t\t\t\t\t\t\t\t\t\t\t\t\t<\/div>\n\t\t\t\t<\/div>\n\t\t\t\t<div class=\"elementor-element elementor-element-d576741 elementor-widget__width-initial elementor-widget elementor-widget-heading\" data-id=\"d576741\" data-element_type=\"widget\" data-e-type=\"widget\" data-widget_type=\"heading.default\">\n\t\t\t\t<div class=\"elementor-widget-container\">\n\t\t\t\t\t<h2 class=\"elementor-heading-title elementor-size-default\">Endere\u00e7o<\/h2>\t\t\t\t<\/div>\n\t\t\t\t<\/div>\n\t\t\t\t<div class=\"elementor-element elementor-element-e7eb6fa elementor-widget__width-initial elementor-widget elementor-widget-heading\" data-id=\"e7eb6fa\" data-element_type=\"widget\" data-e-type=\"widget\" data-widget_type=\"heading.default\">\n\t\t\t\t<div class=\"elementor-widget-container\">\n\t\t\t\t\t<h2 class=\"elementor-heading-title elementor-size-default\">R. Sena Madureira, 151 -<br> Conj. 302 Vila Mariana <br>S\u00e3o Paulo - SP 04021-050<\/h2>\t\t\t\t<\/div>\n\t\t\t\t<\/div>\n\t\t\t\t<\/div>\n\t\t\t\t<\/div>\n\t\t\t\t\t<\/div>\n\t\t\t\t<\/div>\n\t\t<div class=\"elementor-element elementor-element-e19b4fa e-con-full e-flex e-con e-parent\" data-id=\"e19b4fa\" data-element_type=\"container\" data-e-type=\"container\" data-settings=\"{&quot;background_background&quot;:&quot;classic&quot;}\">\n\t\t<div class=\"elementor-element elementor-element-fa2c30f e-flex e-con-boxed e-con e-child\" data-id=\"fa2c30f\" data-element_type=\"container\" data-e-type=\"container\">\n\t\t\t\t\t<div class=\"e-con-inner\">\n\t\t<div class=\"elementor-element elementor-element-39f15e4 e-con-full e-flex e-con e-child\" data-id=\"39f15e4\" data-element_type=\"container\" data-e-type=\"container\">\n\t\t\t\t<div class=\"elementor-element elementor-element-2bc7037 elementor-widget elementor-widget-heading\" data-id=\"2bc7037\" data-element_type=\"widget\" data-e-type=\"widget\" data-widget_type=\"heading.default\">\n\t\t\t\t<div class=\"elementor-widget-container\">\n\t\t\t\t\t<h2 class=\"elementor-heading-title elementor-size-default\">Entre em contato com a gente!<\/h2>\t\t\t\t<\/div>\n\t\t\t\t<\/div>\n\t\t\t\t<div class=\"elementor-element elementor-element-4147634 elementor-button-align-stretch elementor-widget elementor-widget-form\" data-id=\"4147634\" data-element_type=\"widget\" data-e-type=\"widget\" data-settings=\"{&quot;button_width&quot;:&quot;25&quot;,&quot;step_next_label&quot;:&quot;Next&quot;,&quot;step_previous_label&quot;:&quot;Previous&quot;,&quot;step_type&quot;:&quot;number_text&quot;,&quot;step_icon_shape&quot;:&quot;circle&quot;}\" data-widget_type=\"form.default\">\n\t\t\t\t<div class=\"elementor-widget-container\">\n\t\t\t\t\t\t\t<form class=\"elementor-form\" method=\"post\" name=\"New Form\" aria-label=\"New Form\">\n\t\t\t<input type=\"hidden\" name=\"post_id\" value=\"348\"\/>\n\t\t\t<input type=\"hidden\" name=\"form_id\" value=\"4147634\"\/>\n\t\t\t<input type=\"hidden\" name=\"referer_title\" value=\"Contato - Thoth Accounting Intelligence\" \/>\n\n\t\t\t\t\t\t\t<input type=\"hidden\" name=\"queried_id\" value=\"348\"\/>\n\t\t\t\n\t\t\t<div class=\"elementor-form-fields-wrapper elementor-labels-above\">\n\t\t\t\t\t\t\t\t<div class=\"elementor-field-type-text elementor-field-group elementor-column elementor-field-group-nome elementor-col-100 elementor-field-required\">\n\t\t\t\t\t\t\t\t\t\t\t\t<label for=\"form-field-nome\" class=\"elementor-field-label\">\n\t\t\t\t\t\t\t\tNome\t\t\t\t\t\t\t<\/label>\n\t\t\t\t\t\t\t\t\t\t\t\t\t\t<input size=\"1\" type=\"text\" name=\"form_fields[nome]\" id=\"form-field-nome\" class=\"elementor-field elementor-size-sm  elementor-field-textual\" required=\"required\">\n\t\t\t\t\t\t\t\t\t\t\t<\/div>\n\t\t\t\t\t\t\t\t<div class=\"elementor-field-type-email elementor-field-group elementor-column elementor-field-group-email elementor-col-50 elementor-field-required\">\n\t\t\t\t\t\t\t\t\t\t\t\t<label for=\"form-field-email\" class=\"elementor-field-label\">\n\t\t\t\t\t\t\t\tE-mail\t\t\t\t\t\t\t<\/label>\n\t\t\t\t\t\t\t\t\t\t\t\t\t\t<input size=\"1\" type=\"email\" name=\"form_fields[email]\" id=\"form-field-email\" class=\"elementor-field elementor-size-sm  elementor-field-textual\" required=\"required\">\n\t\t\t\t\t\t\t\t\t\t\t<\/div>\n\t\t\t\t\t\t\t\t<div class=\"elementor-field-type-text elementor-field-group elementor-column elementor-field-group-telefone elementor-col-50 elementor-field-required\">\n\t\t\t\t\t\t\t\t\t\t\t\t<label for=\"form-field-telefone\" class=\"elementor-field-label\">\n\t\t\t\t\t\t\t\tTelefone\t\t\t\t\t\t\t<\/label>\n\t\t\t\t\t\t\t\t\t\t\t\t\t\t<input size=\"1\" type=\"text\" name=\"form_fields[telefone]\" id=\"form-field-telefone\" class=\"elementor-field elementor-size-sm  fme-mask-input mask_control_@ev-tel-ddd9 money_mask_format_@ mask_prefix_@ mask_decimal_places_@ mask_time_mask_format_@ fme_phone_format_@ credit_card_options_@ mask_auto_placeholder_@ fme_brazilian_formats_@ elementor-field-textual\" required=\"required\" data-mask=\"ev-tel-ddd9\">\n\t\t\t\t\t\t\t\t\t\t\t<\/div>\n\t\t\t\t\t\t\t\t<div class=\"elementor-field-type-select elementor-field-group elementor-column elementor-field-group-assunto elementor-col-100 elementor-field-required\">\n\t\t\t\t\t\t\t\t\t\t\t\t<label for=\"form-field-assunto\" class=\"elementor-field-label\">\n\t\t\t\t\t\t\t\tAssunto\t\t\t\t\t\t\t<\/label>\n\t\t\t\t\t\t\t\t<div class=\"elementor-field elementor-select-wrapper remove-before \">\n\t\t\t<div class=\"select-caret-down-wrapper\">\n\t\t\t\t<svg aria-hidden=\"true\" class=\"e-font-icon-svg e-eicon-caret-down\" viewBox=\"0 0 571.4 571.4\" xmlns=\"http:\/\/www.w3.org\/2000\/svg\"><path d=\"M571 393Q571 407 561 418L311 668Q300 679 286 679T261 668L11 418Q0 407 0 393T11 368 36 357H536Q550 357 561 368T571 393Z\"><\/path><\/svg>\t\t\t<\/div>\n\t\t\t<select name=\"form_fields[assunto]\" id=\"form-field-assunto\" class=\"elementor-field-textual elementor-size-sm\" required=\"required\">\n\t\t\t\t\t\t\t\t\t<option value=\"Assist\u00eancia t\u00e9cnica em provas periciais judiciais ou arbitrais\">Assist\u00eancia t\u00e9cnica em provas periciais judiciais ou arbitrais<\/option>\n\t\t\t\t\t\t\t\t\t<option value=\"Quantifica\u00e7\u00e3o de Direitos Credit\u00f3rios\">Quantifica\u00e7\u00e3o de Direitos Credit\u00f3rios<\/option>\n\t\t\t\t\t\t\t\t\t<option value=\"Laudos de avalia\u00e7\u00e3o\">Laudos de avalia\u00e7\u00e3o<\/option>\n\t\t\t\t\t\t\t\t\t<option value=\"Auditoria condominial\">Auditoria condominial<\/option>\n\t\t\t\t\t\t\t\t\t<option value=\"Presta\u00e7\u00e3o de contas\">Presta\u00e7\u00e3o de contas<\/option>\n\t\t\t\t\t\t\t\t\t<option value=\"Governan\u00e7a corporativa, gest\u00e3o e controladoria\">Governan\u00e7a corporativa, gest\u00e3o e controladoria<\/option>\n\t\t\t\t\t\t\t\t\t<option value=\"Outros\">Outros<\/option>\n\t\t\t\t\t\t\t<\/select>\n\t\t<\/div>\n\t\t\t\t\t\t<\/div>\n\t\t\t\t\t\t\t\t<div class=\"elementor-field-type-textarea elementor-field-group elementor-column elementor-field-group-mensagem elementor-col-100\">\n\t\t\t\t\t\t\t\t\t\t\t\t<label for=\"form-field-mensagem\" class=\"elementor-field-label\">\n\t\t\t\t\t\t\t\tMensagem\t\t\t\t\t\t\t<\/label>\n\t\t\t\t\t\t<textarea class=\"elementor-field-textual elementor-field  elementor-size-sm\" name=\"form_fields[mensagem]\" id=\"form-field-mensagem\" rows=\"4\"><\/textarea>\t\t\t\t<\/div>\n\t\t\t\t\t\t\t\t<div class=\"elementor-field-type-recaptcha_v3 elementor-field-group elementor-column elementor-field-group-field_a030ac1 elementor-col-100 recaptcha_v3-inline\">\n\t\t\t\t\t<div class=\"elementor-field\" id=\"form-field-field_a030ac1\"><div class=\"elementor-g-recaptcha\" data-sitekey=\"6Lfu9s4qAAAAACvMXP_RkoKKb7Lf_VGaiXI7jHPr\" data-type=\"v3\" data-action=\"Form\" data-badge=\"inline\" data-size=\"invisible\"><\/div><\/div>\t\t\t\t<\/div>\n\t\t\t\t\t\t\t\t<div class=\"elementor-field-group elementor-column elementor-field-type-submit elementor-col-25 e-form__buttons\">\n\t\t\t\t\t<button class=\"elementor-button elementor-size-sm\" type=\"submit\">\n\t\t\t\t\t\t<span class=\"elementor-button-content-wrapper\">\n\t\t\t\t\t\t\t\t\t\t\t\t\t\t\t\t\t\t\t\t\t\t<span class=\"elementor-button-text\">ENVIAR<\/span>\n\t\t\t\t\t\t\t\t\t\t\t\t\t<\/span>\n\t\t\t\t\t<\/button>\n\t\t\t\t<\/div>\n\t\t\t<\/div>\n\t\t<\/form>\n\t\t\t\t\t\t<\/div>\n\t\t\t\t<\/div>\n\t\t\t\t<\/div>\n\t\t\t\t\t<\/div>\n\t\t\t\t<\/div>\n\t\t\t\t<\/div>\n\t\t<div class=\"elementor-element elementor-element-f6040f8 e-con-full e-flex e-con e-parent\" data-id=\"f6040f8\" data-element_type=\"container\" data-e-type=\"container\" data-settings=\"{&quot;background_background&quot;:&quot;classic&quot;}\">\n\t\t\t\t<div class=\"elementor-element elementor-element-99600a9 elementor-widget elementor-widget-google_maps\" data-id=\"99600a9\" data-element_type=\"widget\" data-e-type=\"widget\" data-widget_type=\"google_maps.default\">\n\t\t\t\t<div class=\"elementor-widget-container\">\n\t\t\t\t\t\t\t<div class=\"elementor-custom-embed\">\n\t\t\t<iframe loading=\"lazy\"\n\t\t\t\t\tsrc=\"https:\/\/maps.google.com\/maps?q=R.%20Sena%20Madureira%2C%20151%20-%3Cbr%3E%20Conj.%20302%20Vila%20Mariana%20%3CS%C3%A3o%20Paulo%20-%20SP%2004021-050&#038;t=m&#038;z=16&#038;output=embed&#038;iwloc=near\"\n\t\t\t\t\ttitle=\"R. Sena Madureira, 151 -&lt;br&gt; Conj. 302 Vila Mariana &lt;S\u00e3o Paulo - SP 04021-050\"\n\t\t\t\t\taria-label=\"R. Sena Madureira, 151 -&lt;br&gt; Conj. 302 Vila Mariana &lt;S\u00e3o Paulo - SP 04021-050\"\n\t\t\t><\/iframe>\n\t\t<\/div>\n\t\t\t\t\t\t<\/div>\n\t\t\t\t<\/div>\n\t\t\t\t<\/div>\n\t\t<div class=\"elementor-element elementor-element-ed317f7 e-con-full e-flex e-con e-parent\" data-id=\"ed317f7\" data-element_type=\"container\" data-e-type=\"container\" data-settings=\"{&quot;background_background&quot;:&quot;classic&quot;}\">\n\t\t\t\t<div class=\"elementor-element elementor-element-1590818 elementor-widget elementor-widget-button\" data-id=\"1590818\" data-element_type=\"widget\" data-e-type=\"widget\" data-widget_type=\"button.default\">\n\t\t\t\t<div class=\"elementor-widget-container\">\n\t\t\t\t\t\t\t\t\t<div class=\"elementor-button-wrapper\">\n\t\t\t\t\t<a class=\"elementor-button elementor-button-link elementor-size-sm\" href=\"https:\/\/thoth.net.br\/trabalhe-conosco\">\n\t\t\t\t\t\t<span class=\"elementor-button-content-wrapper\">\n\t\t\t\t\t\t\t\t\t<span class=\"elementor-button-text\">TRABALHE CONOSCO<\/span>\n\t\t\t\t\t<\/span>\n\t\t\t\t\t<\/a>\n\t\t\t\t<\/div>\n\t\t\t\t\t\t\t\t<\/div>\n\t\t\t\t<\/div>\n\t\t\t\t<\/div>\n\t\t\t\t<\/div>\n\t\t","protected":false},"excerpt":{"rendered":"<p>Contato Telefone +55 11 99601-1548 +55 11 97334-3909 E-mail contato@thoth.net.br Linkedin \/thoth-accounting-intelligence Endere\u00e7o R. Sena Madureira, 151 &#8211; Conj. 302 Vila Mariana S\u00e3o Paulo &#8211; SP 04021-050 Entre em contato com a gente! TRABALHE CONOSCO<\/p>","protected":false},"author":1,"featured_media":0,"parent":0,"menu_order":0,"comment_status":"closed","ping_status":"closed","template":"elementor_header_footer","meta":{"_joinchat":[],"footnotes":""},"class_list":["post-348","page","type-page","status-publish","hentry"],"yoast_head":"<!-- This site is optimized with the Yoast SEO Premium plugin v24.0 (Yoast SEO v24.0) - https:\/\/yoast.com\/wordpress\/plugins\/seo\/ -->\n<title>Contato - Thoth Accounting Intelligence<\/title>\n<meta name=\"robots\" content=\"index, follow, max-snippet:-1, max-image-preview:large, max-video-preview:-1\" \/>\n<link rel=\"canonical\" href=\"https:\/\/thoth.net.br\/en\/contato\/\" \/>\n<meta property=\"og:locale\" content=\"en_US\" \/>\n<meta property=\"og:type\" content=\"article\" \/>\n<meta property=\"og:title\" content=\"Contato\" \/>\n<meta property=\"og:description\" content=\"Contato Telefone +55 11 99601-1548 +55 11 97334-3909 E-mail contato@thoth.net.br Linkedin \/thoth-accounting-intelligence Endere\u00e7o R. Sena Madureira, 151 &#8211; Conj. 302 Vila Mariana S\u00e3o Paulo &#8211; SP 04021-050 Entre em contato com a gente! TRABALHE CONOSCO\" \/>\n<meta property=\"og:url\" content=\"https:\/\/thoth.net.br\/en\/contato\/\" \/>\n<meta property=\"og:site_name\" content=\"Thoth Accounting Intelligence\" \/>\n<meta property=\"article:modified_time\" content=\"2025-11-10T19:00:46+00:00\" \/>\n<meta property=\"og:image\" content=\"https:\/\/thoth.net.br\/wp-content\/uploads\/2025\/01\/what-icon.png\" \/>\n\t<meta property=\"og:image:width\" content=\"83\" \/>\n\t<meta property=\"og:image:height\" content=\"83\" \/>\n\t<meta property=\"og:image:type\" content=\"image\/png\" \/>\n<meta name=\"twitter:card\" content=\"summary_large_image\" \/>\n<meta name=\"twitter:label1\" content=\"Est. reading time\" \/>\n\t<meta name=\"twitter:data1\" content=\"1 minute\" \/>\n<script type=\"application\/ld+json\" class=\"yoast-schema-graph\">{\"@context\":\"https:\/\/schema.org\",\"@graph\":[{\"@type\":\"WebPage\",\"@id\":\"https:\/\/thoth.net.br\/contato\/\",\"url\":\"https:\/\/thoth.net.br\/contato\/\",\"name\":\"Contato - Thoth Accounting Intelligence\",\"isPartOf\":{\"@id\":\"https:\/\/thoth.net.br\/#website\"},\"primaryImageOfPage\":{\"@id\":\"https:\/\/thoth.net.br\/contato\/#primaryimage\"},\"image\":{\"@id\":\"https:\/\/thoth.net.br\/contato\/#primaryimage\"},\"thumbnailUrl\":\"https:\/\/thoth.net.br\/wp-content\/uploads\/2025\/01\/what-icon.png\",\"datePublished\":\"2025-01-13T11:51:38+00:00\",\"dateModified\":\"2025-11-10T19:00:46+00:00\",\"breadcrumb\":{\"@id\":\"https:\/\/thoth.net.br\/contato\/#breadcrumb\"},\"inLanguage\":\"en-US\",\"potentialAction\":[{\"@type\":\"ReadAction\",\"target\":[\"https:\/\/thoth.net.br\/contato\/\"]}]},{\"@type\":\"ImageObject\",\"inLanguage\":\"en-US\",\"@id\":\"https:\/\/thoth.net.br\/contato\/#primaryimage\",\"url\":\"https:\/\/thoth.net.br\/wp-content\/uploads\/2025\/01\/what-icon.png\",\"contentUrl\":\"https:\/\/thoth.net.br\/wp-content\/uploads\/2025\/01\/what-icon.png\"},{\"@type\":\"BreadcrumbList\",\"@id\":\"https:\/\/thoth.net.br\/contato\/#breadcrumb\",\"itemListElement\":[{\"@type\":\"ListItem\",\"position\":1,\"name\":\"In\u00edcio\",\"item\":\"https:\/\/thoth.net.br\/\"},{\"@type\":\"ListItem\",\"position\":2,\"name\":\"Contato\"}]},{\"@type\":\"WebSite\",\"@id\":\"https:\/\/thoth.net.br\/#website\",\"url\":\"https:\/\/thoth.net.br\/\",\"name\":\"Thoth Accounting Intelligence\",\"description\":\"\",\"potentialAction\":[{\"@type\":\"SearchAction\",\"target\":{\"@type\":\"EntryPoint\",\"urlTemplate\":\"https:\/\/thoth.net.br\/?s={search_term_string}\"},\"query-input\":{\"@type\":\"PropertyValueSpecification\",\"valueRequired\":true,\"valueName\":\"search_term_string\"}}],\"inLanguage\":\"en-US\"}]}<\/script>\n<!-- \/ Yoast SEO Premium plugin. -->","yoast_head_json":{"title":"Contato - Thoth Accounting Intelligence","robots":{"index":"index","follow":"follow","max-snippet":"max-snippet:-1","max-image-preview":"max-image-preview:large","max-video-preview":"max-video-preview:-1"},"canonical":"https:\/\/thoth.net.br\/en\/contato\/","og_locale":"en_US","og_type":"article","og_title":"Contato","og_description":"Contato Telefone +55 11 99601-1548 +55 11 97334-3909 E-mail contato@thoth.net.br Linkedin \/thoth-accounting-intelligence Endere\u00e7o R. Sena Madureira, 151 &#8211; Conj. 302 Vila Mariana S\u00e3o Paulo &#8211; SP 04021-050 Entre em contato com a gente! TRABALHE CONOSCO","og_url":"https:\/\/thoth.net.br\/en\/contato\/","og_site_name":"Thoth Accounting Intelligence","article_modified_time":"2025-11-10T19:00:46+00:00","og_image":[{"width":83,"height":83,"url":"https:\/\/thoth.net.br\/wp-content\/uploads\/2025\/01\/what-icon.png","type":"image\/png"}],"twitter_card":"summary_large_image","twitter_misc":{"Est. reading time":"1 minute"},"schema":{"@context":"https:\/\/schema.org","@graph":[{"@type":"WebPage","@id":"https:\/\/thoth.net.br\/contato\/","url":"https:\/\/thoth.net.br\/contato\/","name":"Contato - Thoth Accounting Intelligence","isPartOf":{"@id":"https:\/\/thoth.net.br\/#website"},"primaryImageOfPage":{"@id":"https:\/\/thoth.net.br\/contato\/#primaryimage"},"image":{"@id":"https:\/\/thoth.net.br\/contato\/#primaryimage"},"thumbnailUrl":"https:\/\/thoth.net.br\/wp-content\/uploads\/2025\/01\/what-icon.png","datePublished":"2025-01-13T11:51:38+00:00","dateModified":"2025-11-10T19:00:46+00:00","breadcrumb":{"@id":"https:\/\/thoth.net.br\/contato\/#breadcrumb"},"inLanguage":"en-US","potentialAction":[{"@type":"ReadAction","target":["https:\/\/thoth.net.br\/contato\/"]}]},{"@type":"ImageObject","inLanguage":"en-US","@id":"https:\/\/thoth.net.br\/contato\/#primaryimage","url":"https:\/\/thoth.net.br\/wp-content\/uploads\/2025\/01\/what-icon.png","contentUrl":"https:\/\/thoth.net.br\/wp-content\/uploads\/2025\/01\/what-icon.png"},{"@type":"BreadcrumbList","@id":"https:\/\/thoth.net.br\/contato\/#breadcrumb","itemListElement":[{"@type":"ListItem","position":1,"name":"In\u00edcio","item":"https:\/\/thoth.net.br\/"},{"@type":"ListItem","position":2,"name":"Contato"}]},{"@type":"WebSite","@id":"https:\/\/thoth.net.br\/#website","url":"https:\/\/thoth.net.br\/","name":"Thoth Accounting Intelligence","description":"","potentialAction":[{"@type":"SearchAction","target":{"@type":"EntryPoint","urlTemplate":"https:\/\/thoth.net.br\/?s={search_term_string}"},"query-input":{"@type":"PropertyValueSpecification","valueRequired":true,"valueName":"search_term_string"}}],"inLanguage":"en-US"}]}},"_links":{"self":[{"href":"https:\/\/thoth.net.br\/en\/wp-json\/wp\/v2\/pages\/348","targetHints":{"allow":["GET"]}}],"collection":[{"href":"https:\/\/thoth.net.br\/en\/wp-json\/wp\/v2\/pages"}],"about":[{"href":"https:\/\/thoth.net.br\/en\/wp-json\/wp\/v2\/types\/page"}],"author":[{"embeddable":true,"href":"https:\/\/thoth.net.br\/en\/wp-json\/wp\/v2\/users\/1"}],"replies":[{"embeddable":true,"href":"https:\/\/thoth.net.br\/en\/wp-json\/wp\/v2\/comments?post=348"}],"version-history":[{"count":30,"href":"https:\/\/thoth.net.br\/en\/wp-json\/wp\/v2\/pages\/348\/revisions"}],"predecessor-version":[{"id":1591,"href":"https:\/\/thoth.net.br\/en\/wp-json\/wp\/v2\/pages\/348\/revisions\/1591"}],"wp:attachment":[{"href":"https:\/\/thoth.net.br\/en\/wp-json\/wp\/v2\/media?parent=348"}],"curies":[{"name":"wp","href":"https:\/\/api.w.org\/{rel}","templated":true}]}}